{"id":660,"date":"2016-02-23T01:49:57","date_gmt":"2016-02-22T22:49:57","guid":{"rendered":"http:\/\/www.byzantinonhotel.gr\/contact\/"},"modified":"2017-12-05T16:01:19","modified_gmt":"2017-12-05T13:01:19","slug":"contact-old","status":"publish","type":"page","link":"https:\/\/www.byzantinonhotel.gr\/fr\/contact-old\/","title":{"rendered":"Contact-old"},"content":{"rendered":"<div id=\"pl-660\"  class=\"panel-layout\" ><div id=\"pg-660-0\"  class=\"panel-grid panel-has-style\" ><div class=\"siteorigin-panels-stretch panel-row-style panel-row-style-for-660-0\" data-stretch-type=\"full\" ><div id=\"pgc-660-0-0\"  class=\"panel-grid-cell\" ><div id=\"panel-660-0-0-0\" class=\"so-panel widget widget_sow-editor panel-first-child panel-last-child widgetopts-SO\" data-index=\"0\" ><div\n\t\t\t\n\t\t\tclass=\"so-widget-sow-editor so-widget-sow-editor-base\"\n\t\t\t\n\t\t>\n<div class=\"siteorigin-widget-tinymce textwidget\">\n\t\n<div class=\"wpcf7 no-js\" id=\"wpcf7-f1242-o1\" lang=\"el\" dir=\"ltr\" data-wpcf7-id=\"1242\">\n<div class=\"screen-reader-response\"><p role=\"status\" aria-live=\"polite\" aria-atomic=\"true\"><\/p> <ul><\/ul><\/div>\n<form action=\"\/fr\/wp-json\/wp\/v2\/pages\/660#wpcf7-f1242-o1\" method=\"post\" class=\"wpcf7-form init\" aria-label=\"\u03a6\u03cc\u03c1\u03bc\u03b1 \u03b5\u03c0\u03b9\u03ba\u03bf\u03b9\u03bd\u03c9\u03bd\u03af\u03b1\u03c2\" novalidate=\"novalidate\" data-status=\"init\">\n<fieldset class=\"hidden-fields-container\"><input type=\"hidden\" name=\"_wpcf7\" value=\"1242\" \/><input type=\"hidden\" name=\"_wpcf7_version\" value=\"6.1.4\" \/><input type=\"hidden\" name=\"_wpcf7_locale\" value=\"el\" \/><input type=\"hidden\" name=\"_wpcf7_unit_tag\" value=\"wpcf7-f1242-o1\" \/><input type=\"hidden\" name=\"_wpcf7_container_post\" value=\"0\" \/><input type=\"hidden\" name=\"_wpcf7_posted_data_hash\" value=\"\" \/><input type=\"hidden\" name=\"_wpcf7_recaptcha_response\" value=\"\" \/>\n<\/fieldset>\n<div class=\"row\">\n\t<div class=\"col-sm-6 col-xs-12\">\n\t\t<p><span class=\"wpcf7-form-control-wrap\" data-name=\"your-name\"><input size=\"40\" maxlength=\"400\" class=\"wpcf7-form-control wpcf7-text wpcf7-validates-as-required\" aria-required=\"true\" aria-invalid=\"false\" placeholder=\"Name*\" value=\"\" type=\"text\" name=\"your-name\" \/><\/span>\n\t\t<\/p>\n\t<\/div>\n\t<div class=\"col-sm-6 col-xs-12\">\n\t\t<p><span class=\"wpcf7-form-control-wrap\" data-name=\"your-email\"><input size=\"40\" maxlength=\"400\" class=\"wpcf7-form-control wpcf7-email wpcf7-validates-as-required wpcf7-text wpcf7-validates-as-email\" aria-required=\"true\" aria-invalid=\"false\" placeholder=\"E-mail*\" value=\"\" type=\"email\" name=\"your-email\" \/><\/span>\n\t\t<\/p>\n\t<\/div>\n\t<div class=\"col-xs-12\">\n\t\t<p><span class=\"wpcf7-form-control-wrap\" data-name=\"your-subject\"><input size=\"40\" maxlength=\"400\" class=\"wpcf7-form-control wpcf7-text wpcf7-validates-as-required\" aria-required=\"true\" aria-invalid=\"false\" placeholder=\"Subject*\" value=\"\" type=\"text\" name=\"your-subject\" \/><\/span>\n\t\t<\/p>\n\t<\/div>\n\t<div class=\"col-xs-12\">\n\t\t<p><span class=\"wpcf7-form-control-wrap\" data-name=\"your-message\"><textarea cols=\"40\" rows=\"10\" maxlength=\"2000\" class=\"wpcf7-form-control wpcf7-textarea\" aria-invalid=\"false\" placeholder=\"Message\" name=\"your-message\"><\/textarea><\/span>\n\t\t<\/p>\n\t\t<p><input class=\"wpcf7-form-control wpcf7-submit has-spinner\" type=\"submit\" value=\"Send\" \/>\n\t\t<\/p>\n\t<\/div>\n<\/div><div class=\"wpcf7-response-output\" aria-hidden=\"true\"><\/div>\n<\/form>\n<\/div>\n\n<\/div>\n<\/div><\/div><\/div><div id=\"pgc-660-0-1\"  class=\"panel-grid-cell\" ><div id=\"panel-660-0-1-0\" class=\"so-panel widget widget_sow-editor panel-first-child panel-last-child\" data-index=\"1\" ><div\n\t\t\t\n\t\t\tclass=\"so-widget-sow-editor so-widget-sow-editor-base\"\n\t\t\t\n\t\t>\n<div class=\"siteorigin-widget-tinymce textwidget\">\n\t<p><i class=\"fa fa-map-marker\"><\/i> Pulithra - Leonidio, 22300<br \/> Arcadie, P\u00e9loponn\u00e8se, Gr\u00e8ce<br \/> <i class=\"fa fa-phone-square\"><\/i> +30 27570 51220<br \/> <i class=\"fa fa-fax\"><\/i> +30 27570 51432<br \/> <i class=\"fa fa-mobile\"><\/i> +30 6971537003<br \/> <i class=\"fa fa-envelope\"><\/i> info@byzantinonhotel.gr<\/p>\n<\/div>\n<\/div><\/div><\/div><\/div><\/div><\/div>","protected":false},"excerpt":{"rendered":"<p>Pulithra &#8211; Leonidio, 22300 Arcadie, P\u00e9loponn\u00e8se, Gr\u00e8ce +30 27570 51220 +30 27570 51432 +30 6971537003 info@byzantinonhotel.gr<\/p>\n","protected":false},"author":3,"featured_media":0,"parent":0,"menu_order":0,"comment_status":"closed","ping_status":"closed","template":"template-contact.php","meta":{"footnotes":""},"class_list":["post-660","page","type-page","status-publish","hentry"],"yoast_head":"<!-- This site is optimized with the Yoast SEO plugin v26.9 - https:\/\/yoast.com\/product\/yoast-seo-wordpress\/ -->\n<title>Hotel Poulithra Leonidio Byzantinon - Arkadia Greece - Online Reservations - Online room reservations<\/title>\n<meta name=\"description\" content=\"Online Reservations Poulithra - Online room reservations Poulithra - H\u00f4tel Byzantinon Pulithra Leonidio P\u00e9loponn\u00e8se Gr\u00e8ce\" \/>\n<meta name=\"robots\" content=\"index, follow, max-snippet:-1, max-image-preview:large, max-video-preview:-1\" \/>\n<link rel=\"canonical\" href=\"https:\/\/www.byzantinonhotel.gr\/fr\/contact-old\/\" \/>\n<meta property=\"og:locale\" content=\"fr_FR\" \/>\n<meta property=\"og:type\" content=\"article\" \/>\n<meta property=\"og:title\" content=\"Hotel Poulithra Leonidio Byzantinon - Arkadia Greece - Online Reservations - Online room reservations\" \/>\n<meta property=\"og:description\" content=\"Online Reservations Poulithra - Online room reservations Poulithra - H\u00f4tel Byzantinon Pulithra Leonidio P\u00e9loponn\u00e8se Gr\u00e8ce\" \/>\n<meta property=\"og:url\" content=\"https:\/\/www.byzantinonhotel.gr\/fr\/contact-old\/\" \/>\n<meta property=\"og:site_name\" content=\"Byzantinon\" \/>\n<meta property=\"article:modified_time\" content=\"2017-12-05T13:01:19+00:00\" \/>\n<meta name=\"twitter:card\" content=\"summary_large_image\" \/>\n<script type=\"application\/ld+json\" class=\"yoast-schema-graph\">{\"@context\":\"https:\/\/schema.org\",\"@graph\":[{\"@type\":\"WebPage\",\"@id\":\"https:\/\/www.byzantinonhotel.gr\/fr\/contact-old\/\",\"url\":\"https:\/\/www.byzantinonhotel.gr\/fr\/contact-old\/\",\"name\":\"Hotel Poulithra Leonidio Byzantinon - Arkadia Greece - Online Reservations - Online room reservations\",\"isPartOf\":{\"@id\":\"https:\/\/www.byzantinonhotel.gr\/#website\"},\"datePublished\":\"2016-02-22T22:49:57+00:00\",\"dateModified\":\"2017-12-05T13:01:19+00:00\",\"description\":\"Online Reservations Poulithra - Online room reservations Poulithra - H\u00f4tel Byzantinon Pulithra Leonidio P\u00e9loponn\u00e8se Gr\u00e8ce\",\"breadcrumb\":{\"@id\":\"https:\/\/www.byzantinonhotel.gr\/fr\/contact-old\/#breadcrumb\"},\"inLanguage\":\"fr-FR\",\"potentialAction\":[{\"@type\":\"ReadAction\",\"target\":[\"https:\/\/www.byzantinonhotel.gr\/fr\/contact-old\/\"]}]},{\"@type\":\"BreadcrumbList\",\"@id\":\"https:\/\/www.byzantinonhotel.gr\/fr\/contact-old\/#breadcrumb\",\"itemListElement\":[{\"@type\":\"ListItem\",\"position\":1,\"name\":\"Home\",\"item\":\"https:\/\/www.byzantinonhotel.gr\/fr\/\"},{\"@type\":\"ListItem\",\"position\":2,\"name\":\"Contact-old\"}]},{\"@type\":\"WebSite\",\"@id\":\"https:\/\/www.byzantinonhotel.gr\/#website\",\"url\":\"https:\/\/www.byzantinonhotel.gr\/\",\"name\":\"Byzantinon\",\"description\":\"\u03a0\u03b1\u03c1\u03b1\u03b4\u03bf\u03c3\u03b9\u03b1\u03ba\u03cc \u039e\u03b5\u03bd\u03bf\u03b4\u03bf\u03c7\u03b5\u03af\u03bf \u03c3\u03c4\u03b1 \u03a0\u03bf\u03cd\u03bb\u03b9\u03b8\u03c1\u03b1\",\"potentialAction\":[{\"@type\":\"SearchAction\",\"target\":{\"@type\":\"EntryPoint\",\"urlTemplate\":\"https:\/\/www.byzantinonhotel.gr\/?s={search_term_string}\"},\"query-input\":{\"@type\":\"PropertyValueSpecification\",\"valueRequired\":true,\"valueName\":\"search_term_string\"}}],\"inLanguage\":\"fr-FR\"}]}<\/script>\n<!-- \/ Yoast SEO plugin. -->","yoast_head_json":{"title":"Hotel Poulithra Leonidio Byzantinon - Arkadia Greece - Online Reservations - Online room reservations","description":"Online Reservations Poulithra - Online room reservations Poulithra - H\u00f4tel Byzantinon Pulithra Leonidio P\u00e9loponn\u00e8se Gr\u00e8ce","robots":{"index":"index","follow":"follow","max-snippet":"max-snippet:-1","max-image-preview":"max-image-preview:large","max-video-preview":"max-video-preview:-1"},"canonical":"https:\/\/www.byzantinonhotel.gr\/fr\/contact-old\/","og_locale":"fr_FR","og_type":"article","og_title":"Hotel Poulithra Leonidio Byzantinon - Arkadia Greece - Online Reservations - Online room reservations","og_description":"Online Reservations Poulithra - Online room reservations Poulithra - H\u00f4tel Byzantinon Pulithra Leonidio P\u00e9loponn\u00e8se Gr\u00e8ce","og_url":"https:\/\/www.byzantinonhotel.gr\/fr\/contact-old\/","og_site_name":"Byzantinon","article_modified_time":"2017-12-05T13:01:19+00:00","twitter_card":"summary_large_image","schema":{"@context":"https:\/\/schema.org","@graph":[{"@type":"WebPage","@id":"https:\/\/www.byzantinonhotel.gr\/fr\/contact-old\/","url":"https:\/\/www.byzantinonhotel.gr\/fr\/contact-old\/","name":"Hotel Poulithra Leonidio Byzantinon - Arkadia Greece - Online Reservations - Online room reservations","isPartOf":{"@id":"https:\/\/www.byzantinonhotel.gr\/#website"},"datePublished":"2016-02-22T22:49:57+00:00","dateModified":"2017-12-05T13:01:19+00:00","description":"Online Reservations Poulithra - Online room reservations Poulithra - H\u00f4tel Byzantinon Pulithra Leonidio P\u00e9loponn\u00e8se Gr\u00e8ce","breadcrumb":{"@id":"https:\/\/www.byzantinonhotel.gr\/fr\/contact-old\/#breadcrumb"},"inLanguage":"fr-FR","potentialAction":[{"@type":"ReadAction","target":["https:\/\/www.byzantinonhotel.gr\/fr\/contact-old\/"]}]},{"@type":"BreadcrumbList","@id":"https:\/\/www.byzantinonhotel.gr\/fr\/contact-old\/#breadcrumb","itemListElement":[{"@type":"ListItem","position":1,"name":"Home","item":"https:\/\/www.byzantinonhotel.gr\/fr\/"},{"@type":"ListItem","position":2,"name":"Contact-old"}]},{"@type":"WebSite","@id":"https:\/\/www.byzantinonhotel.gr\/#website","url":"https:\/\/www.byzantinonhotel.gr\/","name":"Byzantinon","description":"\u03a0\u03b1\u03c1\u03b1\u03b4\u03bf\u03c3\u03b9\u03b1\u03ba\u03cc \u039e\u03b5\u03bd\u03bf\u03b4\u03bf\u03c7\u03b5\u03af\u03bf \u03c3\u03c4\u03b1 \u03a0\u03bf\u03cd\u03bb\u03b9\u03b8\u03c1\u03b1","potentialAction":[{"@type":"SearchAction","target":{"@type":"EntryPoint","urlTemplate":"https:\/\/www.byzantinonhotel.gr\/?s={search_term_string}"},"query-input":{"@type":"PropertyValueSpecification","valueRequired":true,"valueName":"search_term_string"}}],"inLanguage":"fr-FR"}]}},"_links":{"self":[{"href":"https:\/\/www.byzantinonhotel.gr\/fr\/wp-json\/wp\/v2\/pages\/660","targetHints":{"allow":["GET"]}}],"collection":[{"href":"https:\/\/www.byzantinonhotel.gr\/fr\/wp-json\/wp\/v2\/pages"}],"about":[{"href":"https:\/\/www.byzantinonhotel.gr\/fr\/wp-json\/wp\/v2\/types\/page"}],"author":[{"embeddable":true,"href":"https:\/\/www.byzantinonhotel.gr\/fr\/wp-json\/wp\/v2\/users\/3"}],"replies":[{"embeddable":true,"href":"https:\/\/www.byzantinonhotel.gr\/fr\/wp-json\/wp\/v2\/comments?post=660"}],"version-history":[{"count":3,"href":"https:\/\/www.byzantinonhotel.gr\/fr\/wp-json\/wp\/v2\/pages\/660\/revisions"}],"predecessor-version":[{"id":1357,"href":"https:\/\/www.byzantinonhotel.gr\/fr\/wp-json\/wp\/v2\/pages\/660\/revisions\/1357"}],"wp:attachment":[{"href":"https:\/\/www.byzantinonhotel.gr\/fr\/wp-json\/wp\/v2\/media?parent=660"}],"curies":[{"name":"wp","href":"https:\/\/api.w.org\/{rel}","templated":true}]}}