{"id":575,"date":"2016-02-22T15:58:06","date_gmt":"2016-02-22T15:58:06","guid":{"rendered":"http:\/\/www.byzantinonhotel.gr\/the-hotel\/"},"modified":"2017-02-02T16:30:33","modified_gmt":"2017-02-02T14:30:33","slug":"the-hotel","status":"publish","type":"page","link":"https:\/\/www.byzantinonhotel.gr\/fr\/the-hotel\/","title":{"rendered":"L&rsquo; H\u00f4tel"},"content":{"rendered":"<div id=\"pl-575\"  class=\"panel-layout\" ><div id=\"pg-575-0\"  class=\"panel-grid panel-no-style\" ><div id=\"pgc-575-0-0\"  class=\"panel-grid-cell\" ><div id=\"panel-575-0-0-0\" class=\"so-panel widget widget_sow-editor panel-first-child panel-last-child\" data-index=\"0\" ><div\n\t\t\t\n\t\t\tclass=\"so-widget-sow-editor so-widget-sow-editor-base\"\n\t\t\t\n\t\t>\n<div class=\"siteorigin-widget-tinymce textwidget\">\n\t<blockquote>\n<p>L'h\u00f4tel Byzantinon combine en toute harmonie \u00e0 la fois l'architecture externe traditionnelle et le confort et le luxe int\u00e9rieur.<\/p>\n<\/blockquote>\n<p>Son mat\u00e9riau de construction caract\u00e9ristique et principal est la pierre: elle donne \u00e0 la forme sa simplicit\u00e9 et sa puret\u00e9.<\/p>\n<h4><span style=\"color: #927e1f;\"><strong>Les nuances chaleureuses du bois, les mat\u00e9riaux de qualit\u00e9 et la vari\u00e9t\u00e9 de couleurs sont les caract\u00e9ristiques des 11 appartements dont la d\u00e9coration et le style ont b\u00e9n\u00e9fici\u00e9 d'une attention toute particuli\u00e8re.<\/strong><\/span><\/h4>\n<p><strong>Pr\u00e8s de la r\u00e9ception se trouve le bar, un salon confortable dot\u00e9 d'une chemin\u00e9e pour les froides soir\u00e9es hivernales, mais aussi une v\u00e9randa, dont les arcades en pierre donnent un air de fra\u00eecheur pendant l'\u00e9t\u00e9. Tout vous invite \u00e0 la d\u00e9tente.<\/strong><\/p>\n<hr \/>\n<p>\u00a0<\/p>\n<\/div>\n<\/div><\/div><\/div><\/div><div id=\"pg-575-1\"  class=\"panel-grid panel-no-style\" ><div id=\"pgc-575-1-0\"  class=\"panel-grid-cell\" ><div id=\"panel-575-1-0-0\" class=\"so-panel widget widget_sow-editor panel-first-child panel-last-child\" data-index=\"1\" ><div\n\t\t\t\n\t\t\tclass=\"so-widget-sow-editor so-widget-sow-editor-base\"\n\t\t\t\n\t\t>\n<div class=\"siteorigin-widget-tinymce textwidget\">\n\t<h3><img loading=\"lazy\" decoding=\"async\" class=\"alignright size-medium wp-image-456\" src=\"http:\/\/www.byzantinonhotel.gr\/wp-content\/uploads\/poulithra-300x218.jpg\" alt=\"\u0399\u03c3\u03c4\u03bf\u03c1\u03af\u03b1 \u03a4\u03bf\u03c0\u03bf\u03b8\u03b5\u03c3\u03af\u03b1\u03c2: \u0391\u03c1\u03c7\u03b1\u03af\u03b1 \u03a0\u03bf\u03bb\u03af\u03c7\u03bd\u03b7\" width=\"300\" height=\"218\" srcset=\"https:\/\/www.byzantinonhotel.gr\/wp-content\/uploads\/poulithra-300x218.jpg 300w, https:\/\/www.byzantinonhotel.gr\/wp-content\/uploads\/poulithra-768x557.jpg 768w, https:\/\/www.byzantinonhotel.gr\/wp-content\/uploads\/poulithra-414x300.jpg 414w, https:\/\/www.byzantinonhotel.gr\/wp-content\/uploads\/poulithra.jpg 800w\" sizes=\"auto, (max-width: 300px) 100vw, 300px\" \/>Historique de la r\u00e9gion: Ancienne ville de Polichni<\/h3>\n<blockquote>\n<p>La ville ancienne de Polichni, mentionn\u00e9e par l'historien Polivios, est situ\u00e9e \u00e0 l'endroit exact du village moderne de Pulithra.<\/p>\n<\/blockquote>\n<p>La vie de ses habitants \u00e9tait en contact direct avec le centre commercial et administratif de la r\u00e9gion, celui de Prassies, tr\u00e8s proche du village.<\/p>\n<p>Gr\u00e2ce \u00e0 sa position g\u00e9ographique, elle offrait un contr\u00f4le de toute la r\u00e9gion sud de Kinouria et des mers adjacentes, ce qui explique son intense fortification.<\/p>\n<h4><span style=\"color: #927e1f;\"><strong>Aujourd'hui le peu de ruines existantes se trouvent au dessus du petit port, a Pulithra, sur une colline conique appel\u00e9e Vigla (Observatoire). Les parties de la muraille qui sont pr\u00e9serv\u00e9es datent du 3\u00e8me et 4\u00e8me av. J.C.<\/strong><\/span><\/h4>\n<p>Il y aussi un d\u00e9p\u00f4t d'eau potable construit dans la roche. Sur le chemin menant de Pulithra \u00e0 Pereta ont \u00e9t\u00e9 d\u00e9couverts quelques tombeaux avec des objets pr\u00e9cieux.<br \/> Ces objets se trouvent actuellement au mus\u00e9e d'Astros et sont dans leur majorit\u00e9 des \u00e9crins pour essences fun\u00e9raires.<\/p>\n<p>Sur la colline de Vigla domine un ch\u00e2teau m\u00e9di\u00e9val qui a \u00e9t\u00e9 utilis\u00e9 comme observatoire; c'est de l\u00e0 que d\u00e9rive son nom.<\/p>\n<\/div>\n<\/div><\/div><\/div><\/div><div id=\"pg-575-2\"  class=\"panel-grid panel-no-style\" ><div id=\"pgc-575-2-0\"  class=\"panel-grid-cell\" ><div id=\"panel-575-2-0-0\" class=\"so-panel widget widget_sow-button panel-first-child panel-last-child widgetopts-SO\" data-index=\"2\" ><div\n\t\t\t\n\t\t\tclass=\"so-widget-sow-button so-widget-sow-button-wire-7557f1ae2f44-575\"\n\t\t\t\n\t\t><div class=\"ow-button-base ow-button-align-center\"\n>\n\t\t\t<a\n\t\t\t\t\thref=\"\/fr\/gallery\/the-hotel\/\"\n\t\t\t\t\tclass=\"sowb-button ow-icon-placement-left ow-button-hover\" \t>\n\t\t<span>\n\t\t\t<span class=\"sow-icon-fontawesome sow-fas\" data-sow-icon=\"&#xf083;\"\n\t\tstyle=\"color: #b39e3e\" \n\t\taria-hidden=\"true\"><\/span>\n\t\t\tPhotos de l'h\u00f4tel\t\t<\/span>\n\t\t\t<\/a>\n\t<\/div>\n<\/div><\/div><\/div><div id=\"pgc-575-2-1\"  class=\"panel-grid-cell\" ><div id=\"panel-575-2-1-0\" class=\"so-panel widget widget_sow-button panel-first-child panel-last-child widgetopts-SO\" data-index=\"3\" ><div\n\t\t\t\n\t\t\tclass=\"so-widget-sow-button so-widget-sow-button-wire-7557f1ae2f44-575\"\n\t\t\t\n\t\t><div class=\"ow-button-base ow-button-align-center\"\n>\n\t\t\t<a\n\t\t\t\t\thref=\"\/fr\/gallery\/location\/\"\n\t\t\t\t\tclass=\"sowb-button ow-icon-placement-left ow-button-hover\" \t>\n\t\t<span>\n\t\t\t<span class=\"sow-icon-fontawesome sow-fas\" data-sow-icon=\"&#xf083;\"\n\t\tstyle=\"color: #b39e3e\" \n\t\taria-hidden=\"true\"><\/span>\n\t\t\tPhotos des lieux\t\t<\/span>\n\t\t\t<\/a>\n\t<\/div>\n<\/div><\/div><\/div><\/div><\/div>","protected":false},"excerpt":{"rendered":"<p>L&rsquo;h\u00f4tel Byzantinon combine en toute harmonie \u00e0 la fois l&rsquo;architecture externe traditionnelle et le confort et le luxe int\u00e9rieur.Son mat\u00e9riau de construction caract\u00e9ristique et principal est la pierre: elle donne \u00e0 la forme sa simplicit\u00e9 et sa puret\u00e9.Les nuances chaleureuses du bois, les mat\u00e9riaux de qualit\u00e9 et la vari\u00e9t\u00e9 de couleurs sont les caract\u00e9ristiques des [&hellip;]<\/p>\n","protected":false},"author":3,"featured_media":0,"parent":0,"menu_order":0,"comment_status":"closed","ping_status":"closed","template":"","meta":{"footnotes":""},"class_list":["post-575","page","type-page","status-publish","hentry"],"yoast_head":"<!-- This site is optimized with the Yoast SEO plugin v26.9 - https:\/\/yoast.com\/product\/yoast-seo-wordpress\/ -->\n<title>Appartements dans Pulithra Leonidio P\u00e9loponn\u00e8se Gr\u00e8ce | Traditional Appartments Poulithra | Hotel Byzantinon Appartments<\/title>\n<meta name=\"description\" content=\"Traditional Appartments Poulithra | Appartments Poulithra | Appartements dans Pulithra Leonidio P\u00e9loponn\u00e8se Gr\u00e8ce | Hotel Byzantinon Appartments\" \/>\n<meta name=\"robots\" content=\"index, follow, max-snippet:-1, max-image-preview:large, max-video-preview:-1\" \/>\n<link rel=\"canonical\" href=\"https:\/\/www.byzantinonhotel.gr\/fr\/the-hotel\/\" \/>\n<meta property=\"og:locale\" content=\"fr_FR\" \/>\n<meta property=\"og:type\" content=\"article\" \/>\n<meta property=\"og:title\" content=\"Appartements dans Pulithra Leonidio P\u00e9loponn\u00e8se Gr\u00e8ce | Traditional Appartments Poulithra | Hotel Byzantinon Appartments\" \/>\n<meta property=\"og:description\" content=\"Traditional Appartments Poulithra | Appartments Poulithra | Appartements dans Pulithra Leonidio P\u00e9loponn\u00e8se Gr\u00e8ce | Hotel Byzantinon Appartments\" \/>\n<meta property=\"og:url\" content=\"https:\/\/www.byzantinonhotel.gr\/fr\/the-hotel\/\" \/>\n<meta property=\"og:site_name\" content=\"Byzantinon\" \/>\n<meta property=\"article:modified_time\" content=\"2017-02-02T14:30:33+00:00\" \/>\n<meta property=\"og:image\" content=\"http:\/\/www.byzantinonhotel.gr\/wp-content\/uploads\/poulithra-300x218.jpg\" \/>\n<meta name=\"twitter:card\" content=\"summary_large_image\" \/>\n<script type=\"application\/ld+json\" class=\"yoast-schema-graph\">{\"@context\":\"https:\/\/schema.org\",\"@graph\":[{\"@type\":\"WebPage\",\"@id\":\"https:\/\/www.byzantinonhotel.gr\/fr\/the-hotel\/\",\"url\":\"https:\/\/www.byzantinonhotel.gr\/fr\/the-hotel\/\",\"name\":\"Appartements dans Pulithra Leonidio P\u00e9loponn\u00e8se Gr\u00e8ce | Traditional Appartments Poulithra | Hotel Byzantinon Appartments\",\"isPartOf\":{\"@id\":\"https:\/\/www.byzantinonhotel.gr\/#website\"},\"primaryImageOfPage\":{\"@id\":\"https:\/\/www.byzantinonhotel.gr\/fr\/the-hotel\/#primaryimage\"},\"image\":{\"@id\":\"https:\/\/www.byzantinonhotel.gr\/fr\/the-hotel\/#primaryimage\"},\"thumbnailUrl\":\"http:\/\/www.byzantinonhotel.gr\/wp-content\/uploads\/poulithra-300x218.jpg\",\"datePublished\":\"2016-02-22T15:58:06+00:00\",\"dateModified\":\"2017-02-02T14:30:33+00:00\",\"description\":\"Traditional Appartments Poulithra | Appartments Poulithra | Appartements dans Pulithra Leonidio P\u00e9loponn\u00e8se Gr\u00e8ce | Hotel Byzantinon Appartments\",\"breadcrumb\":{\"@id\":\"https:\/\/www.byzantinonhotel.gr\/fr\/the-hotel\/#breadcrumb\"},\"inLanguage\":\"fr-FR\",\"potentialAction\":[{\"@type\":\"ReadAction\",\"target\":[\"https:\/\/www.byzantinonhotel.gr\/fr\/the-hotel\/\"]}]},{\"@type\":\"ImageObject\",\"inLanguage\":\"fr-FR\",\"@id\":\"https:\/\/www.byzantinonhotel.gr\/fr\/the-hotel\/#primaryimage\",\"url\":\"http:\/\/www.byzantinonhotel.gr\/wp-content\/uploads\/poulithra-300x218.jpg\",\"contentUrl\":\"http:\/\/www.byzantinonhotel.gr\/wp-content\/uploads\/poulithra-300x218.jpg\"},{\"@type\":\"BreadcrumbList\",\"@id\":\"https:\/\/www.byzantinonhotel.gr\/fr\/the-hotel\/#breadcrumb\",\"itemListElement\":[{\"@type\":\"ListItem\",\"position\":1,\"name\":\"Home\",\"item\":\"https:\/\/www.byzantinonhotel.gr\/fr\/\"},{\"@type\":\"ListItem\",\"position\":2,\"name\":\"L&rsquo; H\u00f4tel\"}]},{\"@type\":\"WebSite\",\"@id\":\"https:\/\/www.byzantinonhotel.gr\/#website\",\"url\":\"https:\/\/www.byzantinonhotel.gr\/\",\"name\":\"Byzantinon\",\"description\":\"\u03a0\u03b1\u03c1\u03b1\u03b4\u03bf\u03c3\u03b9\u03b1\u03ba\u03cc \u039e\u03b5\u03bd\u03bf\u03b4\u03bf\u03c7\u03b5\u03af\u03bf \u03c3\u03c4\u03b1 \u03a0\u03bf\u03cd\u03bb\u03b9\u03b8\u03c1\u03b1\",\"potentialAction\":[{\"@type\":\"SearchAction\",\"target\":{\"@type\":\"EntryPoint\",\"urlTemplate\":\"https:\/\/www.byzantinonhotel.gr\/?s={search_term_string}\"},\"query-input\":{\"@type\":\"PropertyValueSpecification\",\"valueRequired\":true,\"valueName\":\"search_term_string\"}}],\"inLanguage\":\"fr-FR\"}]}<\/script>\n<!-- \/ Yoast SEO plugin. -->","yoast_head_json":{"title":"Appartements dans Pulithra Leonidio P\u00e9loponn\u00e8se Gr\u00e8ce | Traditional Appartments Poulithra | Hotel Byzantinon Appartments","description":"Traditional Appartments Poulithra | Appartments Poulithra | Appartements dans Pulithra Leonidio P\u00e9loponn\u00e8se Gr\u00e8ce | Hotel Byzantinon Appartments","robots":{"index":"index","follow":"follow","max-snippet":"max-snippet:-1","max-image-preview":"max-image-preview:large","max-video-preview":"max-video-preview:-1"},"canonical":"https:\/\/www.byzantinonhotel.gr\/fr\/the-hotel\/","og_locale":"fr_FR","og_type":"article","og_title":"Appartements dans Pulithra Leonidio P\u00e9loponn\u00e8se Gr\u00e8ce | Traditional Appartments Poulithra | Hotel Byzantinon Appartments","og_description":"Traditional Appartments Poulithra | Appartments Poulithra | Appartements dans Pulithra Leonidio P\u00e9loponn\u00e8se Gr\u00e8ce | Hotel Byzantinon Appartments","og_url":"https:\/\/www.byzantinonhotel.gr\/fr\/the-hotel\/","og_site_name":"Byzantinon","article_modified_time":"2017-02-02T14:30:33+00:00","og_image":[{"url":"http:\/\/www.byzantinonhotel.gr\/wp-content\/uploads\/poulithra-300x218.jpg","type":"","width":"","height":""}],"twitter_card":"summary_large_image","schema":{"@context":"https:\/\/schema.org","@graph":[{"@type":"WebPage","@id":"https:\/\/www.byzantinonhotel.gr\/fr\/the-hotel\/","url":"https:\/\/www.byzantinonhotel.gr\/fr\/the-hotel\/","name":"Appartements dans Pulithra Leonidio P\u00e9loponn\u00e8se Gr\u00e8ce | Traditional Appartments Poulithra | Hotel Byzantinon Appartments","isPartOf":{"@id":"https:\/\/www.byzantinonhotel.gr\/#website"},"primaryImageOfPage":{"@id":"https:\/\/www.byzantinonhotel.gr\/fr\/the-hotel\/#primaryimage"},"image":{"@id":"https:\/\/www.byzantinonhotel.gr\/fr\/the-hotel\/#primaryimage"},"thumbnailUrl":"http:\/\/www.byzantinonhotel.gr\/wp-content\/uploads\/poulithra-300x218.jpg","datePublished":"2016-02-22T15:58:06+00:00","dateModified":"2017-02-02T14:30:33+00:00","description":"Traditional Appartments Poulithra | Appartments Poulithra | Appartements dans Pulithra Leonidio P\u00e9loponn\u00e8se Gr\u00e8ce | Hotel Byzantinon Appartments","breadcrumb":{"@id":"https:\/\/www.byzantinonhotel.gr\/fr\/the-hotel\/#breadcrumb"},"inLanguage":"fr-FR","potentialAction":[{"@type":"ReadAction","target":["https:\/\/www.byzantinonhotel.gr\/fr\/the-hotel\/"]}]},{"@type":"ImageObject","inLanguage":"fr-FR","@id":"https:\/\/www.byzantinonhotel.gr\/fr\/the-hotel\/#primaryimage","url":"http:\/\/www.byzantinonhotel.gr\/wp-content\/uploads\/poulithra-300x218.jpg","contentUrl":"http:\/\/www.byzantinonhotel.gr\/wp-content\/uploads\/poulithra-300x218.jpg"},{"@type":"BreadcrumbList","@id":"https:\/\/www.byzantinonhotel.gr\/fr\/the-hotel\/#breadcrumb","itemListElement":[{"@type":"ListItem","position":1,"name":"Home","item":"https:\/\/www.byzantinonhotel.gr\/fr\/"},{"@type":"ListItem","position":2,"name":"L&rsquo; H\u00f4tel"}]},{"@type":"WebSite","@id":"https:\/\/www.byzantinonhotel.gr\/#website","url":"https:\/\/www.byzantinonhotel.gr\/","name":"Byzantinon","description":"\u03a0\u03b1\u03c1\u03b1\u03b4\u03bf\u03c3\u03b9\u03b1\u03ba\u03cc \u039e\u03b5\u03bd\u03bf\u03b4\u03bf\u03c7\u03b5\u03af\u03bf \u03c3\u03c4\u03b1 \u03a0\u03bf\u03cd\u03bb\u03b9\u03b8\u03c1\u03b1","potentialAction":[{"@type":"SearchAction","target":{"@type":"EntryPoint","urlTemplate":"https:\/\/www.byzantinonhotel.gr\/?s={search_term_string}"},"query-input":{"@type":"PropertyValueSpecification","valueRequired":true,"valueName":"search_term_string"}}],"inLanguage":"fr-FR"}]}},"_links":{"self":[{"href":"https:\/\/www.byzantinonhotel.gr\/fr\/wp-json\/wp\/v2\/pages\/575","targetHints":{"allow":["GET"]}}],"collection":[{"href":"https:\/\/www.byzantinonhotel.gr\/fr\/wp-json\/wp\/v2\/pages"}],"about":[{"href":"https:\/\/www.byzantinonhotel.gr\/fr\/wp-json\/wp\/v2\/types\/page"}],"author":[{"embeddable":true,"href":"https:\/\/www.byzantinonhotel.gr\/fr\/wp-json\/wp\/v2\/users\/3"}],"replies":[{"embeddable":true,"href":"https:\/\/www.byzantinonhotel.gr\/fr\/wp-json\/wp\/v2\/comments?post=575"}],"version-history":[{"count":4,"href":"https:\/\/www.byzantinonhotel.gr\/fr\/wp-json\/wp\/v2\/pages\/575\/revisions"}],"predecessor-version":[{"id":697,"href":"https:\/\/www.byzantinonhotel.gr\/fr\/wp-json\/wp\/v2\/pages\/575\/revisions\/697"}],"wp:attachment":[{"href":"https:\/\/www.byzantinonhotel.gr\/fr\/wp-json\/wp\/v2\/media?parent=575"}],"curies":[{"name":"wp","href":"https:\/\/api.w.org\/{rel}","templated":true}]}}