{"id":1694,"date":"2020-06-11T15:53:14","date_gmt":"2020-06-11T12:53:14","guid":{"rendered":"https:\/\/www.byzantinonhotel.gr\/health-first-certification\/"},"modified":"2020-06-22T15:05:59","modified_gmt":"2020-06-22T12:05:59","slug":"health-first-certification","status":"publish","type":"page","link":"https:\/\/www.byzantinonhotel.gr\/de\/health-first-certification\/","title":{"rendered":"Health First Certification"},"content":{"rendered":"<div id=\"pl-1694\"  class=\"panel-layout\" ><div id=\"pg-1694-0\"  class=\"panel-grid panel-no-style\" ><div id=\"pgc-1694-0-0\"  class=\"panel-grid-cell\" ><div id=\"panel-1694-0-0-0\" class=\"so-panel widget widget_sow-editor panel-first-child panel-last-child widgetopts-SO\" data-index=\"0\" ><div\n\t\t\t\n\t\t\tclass=\"so-widget-sow-editor so-widget-sow-editor-base\"\n\t\t\t\n\t\t>\n<div class=\"siteorigin-widget-tinymce textwidget\">\n\t<blockquote><p>Das Hotel Byzantinon wurde von der Hotelkammer Griechenlands mit dem Sonderzeichen \"HEALTH FIRST\" zertifiziert, das f\u00fcr die im Jahr 2020 t\u00e4tigen Touristenunterk\u00fcnfte obligatorisch ist.<\/p><\/blockquote>\n<\/div>\n<\/div><\/div><\/div><\/div><div id=\"pg-1694-1\"  class=\"panel-grid panel-no-style\" ><div id=\"pgc-1694-1-0\"  class=\"panel-grid-cell\" ><div id=\"panel-1694-1-0-0\" class=\"so-panel widget widget_sow-image panel-first-child panel-last-child widgetopts-SO\" data-index=\"1\" ><div\n\t\t\t\n\t\t\tclass=\"so-widget-sow-image so-widget-sow-image-default-4e6925654b7a-1694\"\n\t\t\t\n\t\t>\n<div class=\"sow-image-container\">\n\t\t<img \n\tsrc=\"https:\/\/www.byzantinonhotel.gr\/wp-content\/uploads\/health-first.jpg\" width=\"400\" height=\"240\" srcset=\"https:\/\/www.byzantinonhotel.gr\/wp-content\/uploads\/health-first.jpg 400w, https:\/\/www.byzantinonhotel.gr\/wp-content\/uploads\/health-first-300x180.jpg 300w\" sizes=\"(max-width: 400px) 100vw, 400px\" title=\"Health First Certification\" alt=\"Health First Certification\" \t\tclass=\"so-widget-image\"\/>\n\t<\/div>\n\n<\/div><\/div><\/div><div id=\"pgc-1694-1-1\"  class=\"panel-grid-cell\" ><div id=\"panel-1694-1-1-0\" class=\"so-panel widget widget_sow-editor panel-first-child panel-last-child widgetopts-SO\" data-index=\"2\" ><div\n\t\t\t\n\t\t\tclass=\"so-widget-sow-editor so-widget-sow-editor-base\"\n\t\t\t\n\t\t>\n<div class=\"siteorigin-widget-tinymce textwidget\">\n\t<p>Auf der Grundlage der gemeinsamen Ministerentscheidung des Ministeriums f\u00fcr Gesundheit und Tourismus (\u039a\u03a5\u0391) 1881\/29.5.2020 (Government Gazette \u0392\u03842084\/2020) (Regierungsblatt \u0392\u03842084 \/ 2020) <strong>wenden wir das Sondergesundheitsprotokoll<\/strong> gem\u00e4\u00df den Anweisungen der Nationalen Organisation f\u00fcr \u00f6ffentliche Gesundheit (EODY) und des Ministeriums f\u00fcr Tourismus f\u00fcr an Schutz der \u00f6ffentlichen Gesundheit gegen Coronavirus (COVID-19).<\/p>\n<\/div>\n<\/div><\/div><\/div><\/div><\/div>","protected":false},"excerpt":{"rendered":"<p>Das Hotel Byzantinon wurde von der Hotelkammer Griechenlands mit dem Sonderzeichen &#8222;HEALTH FIRST&#8220; zertifiziert, das f\u00fcr die im Jahr 2020 t\u00e4tigen Touristenunterk\u00fcnfte obligatorisch ist. Auf der Grundlage der gemeinsamen Ministerentscheidung des Ministeriums f\u00fcr Gesundheit und Tourismus (\u039a\u03a5\u0391) 1881\/29.5.2020 (Government Gazette \u0392\u03842084\/2020) (Regierungsblatt \u0392\u03842084 \/ 2020) wenden wir das Sondergesundheitsprotokoll gem\u00e4\u00df den Anweisungen der Nationalen Organisation [&hellip;]<\/p>\n","protected":false},"author":3,"featured_media":0,"parent":0,"menu_order":0,"comment_status":"closed","ping_status":"closed","template":"","meta":{"footnotes":""},"class_list":["post-1694","page","type-page","status-publish","hentry"],"yoast_head":"<!-- This site is optimized with the Yoast SEO plugin v26.9 - https:\/\/yoast.com\/product\/yoast-seo-wordpress\/ -->\n<title>Health First Certification - Byzantinon<\/title>\n<meta name=\"robots\" content=\"index, follow, max-snippet:-1, max-image-preview:large, max-video-preview:-1\" \/>\n<link rel=\"canonical\" href=\"https:\/\/www.byzantinonhotel.gr\/de\/health-first-certification\/\" \/>\n<meta property=\"og:locale\" content=\"de_DE\" \/>\n<meta property=\"og:type\" content=\"article\" \/>\n<meta property=\"og:title\" content=\"Health First Certification - Byzantinon\" \/>\n<meta property=\"og:description\" content=\"Das Hotel Byzantinon wurde von der Hotelkammer Griechenlands mit dem Sonderzeichen &quot;HEALTH FIRST&quot; zertifiziert, das f\u00fcr die im Jahr 2020 t\u00e4tigen Touristenunterk\u00fcnfte obligatorisch ist. Auf der Grundlage der gemeinsamen Ministerentscheidung des Ministeriums f\u00fcr Gesundheit und Tourismus (\u039a\u03a5\u0391) 1881\/29.5.2020 (Government Gazette \u0392\u03842084\/2020) (Regierungsblatt \u0392\u03842084 \/ 2020) wenden wir das Sondergesundheitsprotokoll gem\u00e4\u00df den Anweisungen der Nationalen Organisation [&hellip;]\" \/>\n<meta property=\"og:url\" content=\"https:\/\/www.byzantinonhotel.gr\/de\/health-first-certification\/\" \/>\n<meta property=\"og:site_name\" content=\"Byzantinon\" \/>\n<meta property=\"article:modified_time\" content=\"2020-06-22T12:05:59+00:00\" \/>\n<meta name=\"twitter:card\" content=\"summary_large_image\" \/>\n<script type=\"application\/ld+json\" class=\"yoast-schema-graph\">{\"@context\":\"https:\/\/schema.org\",\"@graph\":[{\"@type\":\"WebPage\",\"@id\":\"https:\/\/www.byzantinonhotel.gr\/de\/health-first-certification\/\",\"url\":\"https:\/\/www.byzantinonhotel.gr\/de\/health-first-certification\/\",\"name\":\"Health First Certification - Byzantinon\",\"isPartOf\":{\"@id\":\"https:\/\/www.byzantinonhotel.gr\/#website\"},\"datePublished\":\"2020-06-11T12:53:14+00:00\",\"dateModified\":\"2020-06-22T12:05:59+00:00\",\"breadcrumb\":{\"@id\":\"https:\/\/www.byzantinonhotel.gr\/de\/health-first-certification\/#breadcrumb\"},\"inLanguage\":\"de\",\"potentialAction\":[{\"@type\":\"ReadAction\",\"target\":[\"https:\/\/www.byzantinonhotel.gr\/de\/health-first-certification\/\"]}]},{\"@type\":\"BreadcrumbList\",\"@id\":\"https:\/\/www.byzantinonhotel.gr\/de\/health-first-certification\/#breadcrumb\",\"itemListElement\":[{\"@type\":\"ListItem\",\"position\":1,\"name\":\"Home\",\"item\":\"https:\/\/www.byzantinonhotel.gr\/de\/\"},{\"@type\":\"ListItem\",\"position\":2,\"name\":\"Health First Certification\"}]},{\"@type\":\"WebSite\",\"@id\":\"https:\/\/www.byzantinonhotel.gr\/#website\",\"url\":\"https:\/\/www.byzantinonhotel.gr\/\",\"name\":\"Byzantinon\",\"description\":\"\u03a0\u03b1\u03c1\u03b1\u03b4\u03bf\u03c3\u03b9\u03b1\u03ba\u03cc \u039e\u03b5\u03bd\u03bf\u03b4\u03bf\u03c7\u03b5\u03af\u03bf \u03c3\u03c4\u03b1 \u03a0\u03bf\u03cd\u03bb\u03b9\u03b8\u03c1\u03b1\",\"potentialAction\":[{\"@type\":\"SearchAction\",\"target\":{\"@type\":\"EntryPoint\",\"urlTemplate\":\"https:\/\/www.byzantinonhotel.gr\/?s={search_term_string}\"},\"query-input\":{\"@type\":\"PropertyValueSpecification\",\"valueRequired\":true,\"valueName\":\"search_term_string\"}}],\"inLanguage\":\"de\"}]}<\/script>\n<!-- \/ Yoast SEO plugin. -->","yoast_head_json":{"title":"Health First Certification - Byzantinon","robots":{"index":"index","follow":"follow","max-snippet":"max-snippet:-1","max-image-preview":"max-image-preview:large","max-video-preview":"max-video-preview:-1"},"canonical":"https:\/\/www.byzantinonhotel.gr\/de\/health-first-certification\/","og_locale":"de_DE","og_type":"article","og_title":"Health First Certification - Byzantinon","og_description":"Das Hotel Byzantinon wurde von der Hotelkammer Griechenlands mit dem Sonderzeichen \"HEALTH FIRST\" zertifiziert, das f\u00fcr die im Jahr 2020 t\u00e4tigen Touristenunterk\u00fcnfte obligatorisch ist. Auf der Grundlage der gemeinsamen Ministerentscheidung des Ministeriums f\u00fcr Gesundheit und Tourismus (\u039a\u03a5\u0391) 1881\/29.5.2020 (Government Gazette \u0392\u03842084\/2020) (Regierungsblatt \u0392\u03842084 \/ 2020) wenden wir das Sondergesundheitsprotokoll gem\u00e4\u00df den Anweisungen der Nationalen Organisation [&hellip;]","og_url":"https:\/\/www.byzantinonhotel.gr\/de\/health-first-certification\/","og_site_name":"Byzantinon","article_modified_time":"2020-06-22T12:05:59+00:00","twitter_card":"summary_large_image","schema":{"@context":"https:\/\/schema.org","@graph":[{"@type":"WebPage","@id":"https:\/\/www.byzantinonhotel.gr\/de\/health-first-certification\/","url":"https:\/\/www.byzantinonhotel.gr\/de\/health-first-certification\/","name":"Health First Certification - Byzantinon","isPartOf":{"@id":"https:\/\/www.byzantinonhotel.gr\/#website"},"datePublished":"2020-06-11T12:53:14+00:00","dateModified":"2020-06-22T12:05:59+00:00","breadcrumb":{"@id":"https:\/\/www.byzantinonhotel.gr\/de\/health-first-certification\/#breadcrumb"},"inLanguage":"de","potentialAction":[{"@type":"ReadAction","target":["https:\/\/www.byzantinonhotel.gr\/de\/health-first-certification\/"]}]},{"@type":"BreadcrumbList","@id":"https:\/\/www.byzantinonhotel.gr\/de\/health-first-certification\/#breadcrumb","itemListElement":[{"@type":"ListItem","position":1,"name":"Home","item":"https:\/\/www.byzantinonhotel.gr\/de\/"},{"@type":"ListItem","position":2,"name":"Health First Certification"}]},{"@type":"WebSite","@id":"https:\/\/www.byzantinonhotel.gr\/#website","url":"https:\/\/www.byzantinonhotel.gr\/","name":"Byzantinon","description":"\u03a0\u03b1\u03c1\u03b1\u03b4\u03bf\u03c3\u03b9\u03b1\u03ba\u03cc \u039e\u03b5\u03bd\u03bf\u03b4\u03bf\u03c7\u03b5\u03af\u03bf \u03c3\u03c4\u03b1 \u03a0\u03bf\u03cd\u03bb\u03b9\u03b8\u03c1\u03b1","potentialAction":[{"@type":"SearchAction","target":{"@type":"EntryPoint","urlTemplate":"https:\/\/www.byzantinonhotel.gr\/?s={search_term_string}"},"query-input":{"@type":"PropertyValueSpecification","valueRequired":true,"valueName":"search_term_string"}}],"inLanguage":"de"}]}},"_links":{"self":[{"href":"https:\/\/www.byzantinonhotel.gr\/de\/wp-json\/wp\/v2\/pages\/1694","targetHints":{"allow":["GET"]}}],"collection":[{"href":"https:\/\/www.byzantinonhotel.gr\/de\/wp-json\/wp\/v2\/pages"}],"about":[{"href":"https:\/\/www.byzantinonhotel.gr\/de\/wp-json\/wp\/v2\/types\/page"}],"author":[{"embeddable":true,"href":"https:\/\/www.byzantinonhotel.gr\/de\/wp-json\/wp\/v2\/users\/3"}],"replies":[{"embeddable":true,"href":"https:\/\/www.byzantinonhotel.gr\/de\/wp-json\/wp\/v2\/comments?post=1694"}],"version-history":[{"count":3,"href":"https:\/\/www.byzantinonhotel.gr\/de\/wp-json\/wp\/v2\/pages\/1694\/revisions"}],"predecessor-version":[{"id":1747,"href":"https:\/\/www.byzantinonhotel.gr\/de\/wp-json\/wp\/v2\/pages\/1694\/revisions\/1747"}],"wp:attachment":[{"href":"https:\/\/www.byzantinonhotel.gr\/de\/wp-json\/wp\/v2\/media?parent=1694"}],"curies":[{"name":"wp","href":"https:\/\/api.w.org\/{rel}","templated":true}]}}